{"id":450,"date":"2020-08-12T14:00:06","date_gmt":"2020-08-12T12:00:06","guid":{"rendered":"http:\/\/cid.archi\/?page_id=450"},"modified":"2022-10-23T18:58:17","modified_gmt":"2022-10-23T16:58:17","slug":"ma-materiautheque","status":"publish","type":"page","link":"https:\/\/cid.archi\/index.php\/ma-materiautheque\/","title":{"rendered":"MA MATERIAUTH\u00c8QUE"},"content":{"rendered":"<p>[vc_row][vc_column][vc_empty_space height=\u00a0\u00bb35&Prime;][vc_column_text]<\/p>\n<h3 style=\"text-align: center;\">Ma Mat\u00e9riauth\u00e8que<\/h3>\n<p style=\"text-align: center;\">Une Mat\u00e9riauth\u00e8que sur mesure compos\u00e9e principalement des fournisseurs avec lesquels je suis amen\u00e9e \u00e0 travailler.<br \/>\nDes questions sur une mati\u00e8re ? Des renseignements ?<\/p>\n<p>[\/vc_column_text]<div class=\" ubtn-ctn-center \"><a class=\"ubtn-link ult-adjust-bottom-margin ubtn-center ubtn-mini \" href=\"http:\/\/cid.archi\/index.php\/contact\/\" title=\"CONTACT\" target=\"_blank\" rel=\"noopener\" ><button type=\"button\" id=\"ubtn-2843\"  class=\"ubtn ult-adjust-bottom-margin ult-responsive ubtn-mini ubtn-no-hover-bg  none  ubtn-center   tooltip-69e597e47178f\"  data-hover=\"\" data-border-color=\"\" data-bg=\"#a88a26\" data-hover-bg=\"\" data-border-hover=\"\" data-shadow-hover=\"\" data-shadow-click=\"none\" data-shadow=\"\" data-shd-shadow=\"\"  data-ultimate-target='#ubtn-2843'  data-responsive-json-new='{\"font-size\":\"\",\"line-height\":\"\"}'  style=\"font-weight:normal;border:none;background: #a88a26;color: #ffffff;\"><span class=\"ubtn-data ubtn-icon\"><i class=\"none\" style=\"font-size:25px;color:#253a29;\"><\/i><\/span><span class=\"ubtn-hover\" style=\"background-color:\"><\/span><span class=\"ubtn-data ubtn-text \" >CONTACTEZ MOI<\/span><\/button><\/a><\/div>[\/vc_column][\/vc_row][vc_row][vc_column][vc_tta_tabs style=\u00a0\u00bbflat\u00a0\u00bb alignment=\u00a0\u00bbcenter\u00a0\u00bb active_section=\u00a0\u00bb1&Prime;][vc_tta_section title=\u00a0\u00bbBOIS\u00a0\u00bb tab_id=\u00a0\u00bb1598012742780-6d51d419-ff5f\u00a0\u00bb][vc_masonry_media_grid element_width=\u00a0\u00bb2&Prime; grid_id=\u00a0\u00bbvc_gid:1666544240265-23e01471-cf5e-6&Prime; include=\u00a0\u00bb1960,1958,1712,1957,1956,1959,1955,1954,1713,1953,1952,1714,1951,1950,1949,1948&Prime;][\/vc_tta_section][vc_tta_section title=\u00a0\u00bbCARREAUX CIMENT\u00a0\u00bb tab_id=\u00a0\u00bb1598012908461-10c59597-a422&Prime;][vc_masonry_media_grid element_width=\u00a0\u00bb2&Prime; grid_id=\u00a0\u00bbvc_gid:1666544240265-49b0ae60-bc44-10&Prime; include=\u00a0\u00bb2007,1798,2098,2113,2106,2120,2121,1799,2104,1992,1801,1976,2116,1802,1803,1821,1804,1806,1820,1800,1805,2108,2101,2100,2105,1808,1809,1810,1817,1822,2097,1796,1811,2107,1812,1813,1814,1983,2119,1982,1819,2126,1815,1816,1823,2110,1994,1824,1987,2103,1825,1986,1826,1827,2117,1989,1990,1988,1985,1975,2115,1977,2128,2129,2127,2111,2125,2124,2123,2122,2109,2118,2102,2114,2099&Prime;][\/vc_tta_section][vc_tta_section title=\u00a0\u00bbCOULEURS-BOARD\u00a0\u00bb tab_id=\u00a0\u00bb1598012742805-b381ba47-2df9&Prime;][vc_masonry_media_grid element_width=\u00a0\u00bb3&Prime; grid_id=\u00a0\u00bbvc_gid:1666544240265-ab1da6b2-048e-2&Prime; include=\u00a0\u00bb2246,2232,2259,2264,2237,2228,2236,2256,2257,2234,2245,2244,2249,2248,2243,2240,2230,2260,2262,2229,2235,2238,2231,2251,2252,2258,2253,2247,2255,2241,2242,2239,2261,2254,2250&Prime;][\/vc_tta_section][vc_tta_section title=\u00a0\u00bbPIERRE \u00c9CHANTILLONS\u00a0\u00bb tab_id=\u00a0\u00bb1598012904770-29fce84d-c12e\u00a0\u00bb][vc_masonry_media_grid element_width=\u00a0\u00bb2&Prime; grid_id=\u00a0\u00bbvc_gid:1666544240266-dbbef056-1e4c-8&Prime; include=\u00a0\u00bb1737,1738,1739,1740,1741,1743,1744,1745,1746,1747,1748,1749,1750,1751,1752,1754,1755,1756,1757,1758,1759,1760,1761&Prime;][\/vc_tta_section][vc_tta_section title=\u00a0\u00bbTERRAZZO\u00a0\u00bb tab_id=\u00a0\u00bb1598012906324-8e9b8e05-68a9&Prime;][vc_masonry_media_grid element_width=\u00a0\u00bb2&Prime; grid_id=\u00a0\u00bbvc_gid:1666544240266-4ea38a4d-f44f-3&Prime; include=\u00a0\u00bb1831,1833,1834,1835,1836,1837,1838,1840,1841,1842,1843,1844,1845,1846,1848,1849,1972,1850,1851,1971,1853,1854,1855,1856,1857,1974,1858,1860,1861,1862,1997,1998,1978,1973&Prime;][\/vc_tta_section][vc_tta_section title=\u00a0\u00bbZELLIGE \/ C\u00c9RAMIQUE\u00a0\u00bb tab_id=\u00a0\u00bb1598012977748-9d058a43-5a0c\u00a0\u00bb][vc_masonry_media_grid element_width=\u00a0\u00bb2&Prime; grid_id=\u00a0\u00bbvc_gid:1666544240266-8fb3a1d6-5dde-9&Prime; include=\u00a0\u00bb2020,2008,1874,2025,1929,2009,1913,2001,2018,1926,1905,1931,1918,1936,2005,2010,1930,2022,2015,2016,1933,2021,2024,2036,2012,2029,2007,2003,1999,1995,1915,1924,1916,1927,2034,1928,1919,1923,1909,1932,1934,1939,1912,1908,1906,1890,1898,1900,1899,1903,1938,1925,1897,1895,1893,1894,1902,2023,1891,1889,1878,1884,1873,1914,1877,1876,1882,1880,1871,1869,1868,2033,1885,1867,1907,1872,1996,1937&Prime;][\/vc_tta_section][\/vc_tta_tabs][\/vc_column][\/vc_row][vc_row][vc_column][\/vc_column][\/vc_row][vc_row full_width=\u00a0\u00bbstretch_row_content\u00a0\u00bb bg_type=\u00a0\u00bbbg_color\u00a0\u00bb bg_color_value=\u00a0\u00bb#253a29&Prime;][vc_column]<div class=\" ubtn-ctn-center \"><a class=\"ubtn-link ult-adjust-bottom-margin ubtn-center ubtn-mini \" href=\"http:\/\/cid.archi\/index.php\/contact\/\" title=\"CONTACT\" target=\"_blank\" rel=\"noopener\" ><button type=\"button\" id=\"ubtn-8492\"  class=\"ubtn ult-adjust-bottom-margin ult-responsive ubtn-mini ubtn-no-hover-bg  none  ubtn-center   tooltip-69e597e4717f2\"  data-hover=\"\" data-border-color=\"\" data-bg=\"#a88a26\" data-hover-bg=\"\" data-border-hover=\"\" data-shadow-hover=\"\" data-shadow-click=\"none\" data-shadow=\"\" data-shd-shadow=\"\"  data-ultimate-target='#ubtn-8492'  data-responsive-json-new='{\"font-size\":\"\",\"line-height\":\"\"}'  style=\"font-weight:normal;border:none;background: #a88a26;color: #ffffff;\"><span class=\"ubtn-hover\" style=\"background-color:\"><\/span><span class=\"ubtn-data ubtn-text \" >CONTACTEZ MOI POUR UN DEVIS<\/span><\/button><\/a><\/div>[\/vc_column][\/vc_row]<\/p>\n","protected":false},"excerpt":{"rendered":"<p>[vc_row][vc_column][vc_empty_space height=\u00a0\u00bb35&Prime;][vc_column_text] Ma Mat\u00e9riauth\u00e8que Une Mat\u00e9riauth\u00e8que sur mesure compos\u00e9e principalement des fournisseurs avec lesquels je suis amen\u00e9e \u00e0 travailler. Des questions sur une mati\u00e8re ? Des renseignements ? [\/vc_column_text][\/vc_column][\/vc_row][vc_row][vc_column][vc_tta_tabs style=\u00a0\u00bbflat\u00a0\u00bb alignment=\u00a0\u00bbcenter\u00a0\u00bb active_section=\u00a0\u00bb1&Prime;][vc_tta_section title=\u00a0\u00bbBOIS\u00a0\u00bb tab_id=\u00a0\u00bb1598012742780-6d51d419-ff5f\u00a0\u00bb][vc_masonry_media_grid element_width=\u00a0\u00bb2&Prime; grid_id=\u00a0\u00bbvc_gid:1666544240265-23e01471-cf5e-6&Prime; include=\u00a0\u00bb1960,1958,1712,1957,1956,1959,1955,1954,1713,1953,1952,1714,1951,1950,1949,1948&Prime;][\/vc_tta_section][vc_tta_section title=\u00a0\u00bbCARREAUX CIMENT\u00a0\u00bb tab_id=\u00a0\u00bb1598012908461-10c59597-a422&Prime;][vc_masonry_media_grid element_width=\u00a0\u00bb2&Prime; grid_id=\u00a0\u00bbvc_gid:1666544240265-49b0ae60-bc44-10&Prime; include=\u00a0\u00bb2007,1798,2098,2113,2106,2120,2121,1799,2104,1992,1801,1976,2116,1802,1803,1821,1804,1806,1820,1800,1805,2108,2101,2100,2105,1808,1809,1810,1817,1822,2097,1796,1811,2107,1812,1813,1814,1983,2119,1982,1819,2126,1815,1816,1823,2110,1994,1824,1987,2103,1825,1986,1826,1827,2117,1989,1990,1988,1985,1975,2115,1977,2128,2129,2127,2111,2125,2124,2123,2122,2109,2118,2102,2114,2099&Prime;][\/vc_tta_section][vc_tta_section title=\u00a0\u00bbCOULEURS-BOARD\u00a0\u00bb tab_id=\u00a0\u00bb1598012742805-b381ba47-2df9&Prime;][vc_masonry_media_grid element_width=\u00a0\u00bb3&Prime; grid_id=\u00a0\u00bbvc_gid:1666544240265-ab1da6b2-048e-2&Prime; include=\u00a0\u00bb2246,2232,2259,2264,2237,2228,2236,2256,2257,2234,2245,2244,2249,2248,2243,2240,2230,2260,2262,2229,2235,2238,2231,2251,2252,2258,2253,2247,2255,2241,2242,2239,2261,2254,2250&Prime;][\/vc_tta_section][vc_tta_section title=\u00a0\u00bbPIERRE \u00c9CHANTILLONS\u00a0\u00bb tab_id=\u00a0\u00bb1598012904770-29fce84d-c12e\u00a0\u00bb][vc_masonry_media_grid element_width=\u00a0\u00bb2&Prime; grid_id=\u00a0\u00bbvc_gid:1666544240266-dbbef056-1e4c-8&Prime; include=\u00a0\u00bb1737,1738,1739,1740,1741,1743,1744,1745,1746,1747,1748,1749,1750,1751,1752,1754,1755,1756,1757,1758,1759,1760,1761&Prime;][\/vc_tta_section][vc_tta_section title=\u00a0\u00bbTERRAZZO\u00a0\u00bb [&hellip;]<\/p>\n","protected":false},"author":2,"featured_media":0,"parent":0,"menu_order":0,"comment_status":"closed","ping_status":"closed","template":"","meta":[],"_links":{"self":[{"href":"https:\/\/cid.archi\/index.php\/wp-json\/wp\/v2\/pages\/450"}],"collection":[{"href":"https:\/\/cid.archi\/index.php\/wp-json\/wp\/v2\/pages"}],"about":[{"href":"https:\/\/cid.archi\/index.php\/wp-json\/wp\/v2\/types\/page"}],"author":[{"embeddable":true,"href":"https:\/\/cid.archi\/index.php\/wp-json\/wp\/v2\/users\/2"}],"replies":[{"embeddable":true,"href":"https:\/\/cid.archi\/index.php\/wp-json\/wp\/v2\/comments?post=450"}],"version-history":[{"count":43,"href":"https:\/\/cid.archi\/index.php\/wp-json\/wp\/v2\/pages\/450\/revisions"}],"predecessor-version":[{"id":2267,"href":"https:\/\/cid.archi\/index.php\/wp-json\/wp\/v2\/pages\/450\/revisions\/2267"}],"wp:attachment":[{"href":"https:\/\/cid.archi\/index.php\/wp-json\/wp\/v2\/media?parent=450"}],"curies":[{"name":"wp","href":"https:\/\/api.w.org\/{rel}","templated":true}]}}