{"id":1629,"date":"2020-08-21T11:06:08","date_gmt":"2020-08-21T09:06:08","guid":{"rendered":"http:\/\/cid.archi\/?page_id=1629"},"modified":"2022-10-23T12:57:39","modified_gmt":"2022-10-23T10:57:39","slug":"fonctionnement","status":"publish","type":"page","link":"https:\/\/cid.archi\/index.php\/prestations\/fonctionnement\/","title":{"rendered":"FONCTIONNEMENT"},"content":{"rendered":"<p>[vc_row bg_type=\u00a0\u00bbbg_color\u00a0\u00bb bg_override=\u00a0\u00bbex-full\u00a0\u00bb bg_color_value=\u00a0\u00bb#253a29&Prime;][vc_column]<div id=\"ultimate-heading-729769e0134116916\" class=\"uvc-heading ult-adjust-bottom-margin ultimate-heading-729769e0134116916 uvc-9140 \" data-hspacer=\"no_spacer\"  data-halign=\"center\" style=\"text-align:center\"><div class=\"uvc-heading-spacer no_spacer\" style=\"top\"><\/div><div class=\"uvc-main-heading ult-responsive\"  data-ultimate-target='.uvc-heading.ultimate-heading-729769e0134116916 h3'  data-responsive-json-new='{\"font-size\":\"desktop:35px;tablet:35px;tablet_portrait:35px;mobile_landscape:35px;mobile:35px;\",\"line-height\":\"\"}' ><h3 style=\"font-family:&#039;Nothing You Could Do&#039;;font-weight:normal;color:#ffffff;margin-top:40px;\">Fonctionnement<\/h3><\/div><\/div>[vc_separator color=\u00a0\u00bbwhite\u00a0\u00bb el_width=\u00a0\u00bb30&Prime;][vc_empty_space height=\u00a0\u00bb50&Prime;][\/vc_column][\/vc_row][vc_row bg_type=\u00a0\u00bbimage\u00a0\u00bb parallax_style=\u00a0\u00bbvcpb-vz-jquery\u00a0\u00bb bg_image_new=\u00a0\u00bbid^138|url^http:\/\/cid.archi\/wp-content\/uploads\/2020\/08\/MACARON-big-noir-3.png|caption^null|alt^null|title^MACARON big noir 3|description^null\u00a0\u00bb bg_image_repeat=\u00a0\u00bbno-repeat\u00a0\u00bb parallax_sense=\u00a0\u00bb55&Prime; bg_override=\u00a0\u00bbex-full\u00a0\u00bb][vc_column]<div class=\"smile-icon-timeline-wrap csstime  timeline-custom-width tl-animation-shadow\" data-timeline-cutom-width=\"400\" data-time_sep_bg_color=\"#a88a26\" data-time_block_bg_color=\"#f4f4f4\"  style=\"\"><div class=\"timeline-line \" style=\"border-right-color:#253a29;\"><span><\/span><\/div><div class=\"timeline-wrapper\"><\/div><div class=\"timeline-feature-item feat-item feat-top \"><div class=\"feat-dot feat-top\"><div class=\"timeline-dot\"><\/div><\/div><div class=\"ult-timeline-arrow feat-top\"><s><\/s><l><\/l><\/div><div class=\"timeline-icon-block\"><div class=\"ult-timeline-icon \" style=\"   \"><div class=\"ult-just-icon-wrapper  \"><div class=\"align-icon\" style=\"text-align:center;\">\n<div class=\"aio-icon circle \" data-animation=\"bounceIn\" data-animation-delay=\"03\" style=\"color:#ffffff;background:#253a29;font-size:20px;display:inline-block;\">\n\t<i class=\"Defaults-comments-o\"><\/i>\n<\/div><\/div><\/div><\/div> <!-- icon --><\/div><div class=\"timeline-header-block\" >\r\n\t\t\t\t\t\t\t<div class=\"timeline-header\" id=\"timeline-featured-2811\"  style=\"\"><h5\r\n\t\t\t class=\"ult-timeline-title ult-responsive\"   data-ultimate-target='#timeline-featured-2811 .ult-timeline-title'  data-responsive-json-new='{\"font-size\":\"\",\"line-height\":\"\"}'  style=\"\">CONTACT<\/h5><div class=\"ult-responsive custom-lht\"  data-ultimate-target='#timeline-featured-2811 .custom-lht'  data-responsive-json-new='{\"font-size\":\"\",\"line-height\":\"\"}'  style=\"\"><\/div><\/div> <!-- header --><\/div><\/div><div class=\"timeline-wrapper \"><div class=\"timeline-block \"><div class=\"timeline-dot\"><\/div><div class=\"ult-timeline-arrow\"><s><\/s><l><\/l><\/div><div class=\"timeline-icon-block\"><div class=\"ult-timeline-icon \" style=\"   \"><div class=\"ult-just-icon-wrapper  \"><div class=\"align-icon\" style=\"text-align:center;\">\n<div class=\"aio-icon circle \" data-animation=\"bounceIn\" data-animation-delay=\"03\" style=\"color:#ffffff;background:#253a29;font-size:20px;display:inline-block;\">\n\t<i class=\"Defaults-calendar-o\"><\/i>\n<\/div><\/div><\/div><\/div> <!-- icon --><\/div><div class=\"timeline-header-block\" >\r\n\t\t\t\t\t\t\t<div id=\"timeline-item-3941\" class=\"timeline-header\" style=\"\"><h3 class=\"ult-timeline-title ult-responsive\"  data-ultimate-target='#timeline-item-3941 .ult-timeline-title'  data-responsive-json-new='{\"font-size\":\"\",\"line-height\":\"\"}'  style=\"\">Premier Rendez-Vous<\/h3><div class=\"ult-responsive timeline-item-spt\"  data-ultimate-target='#timeline-item-3941 .timeline-item-spt'  data-responsive-json-new='{\"font-size\":\"\",\"line-height\":\"\"}'  style=\"\">Ce premier RDV avec votre architecte d\u2019int\u00e9rieur \u00e0 pour but de v<strong>ous conseiller et de vous guider<\/strong> dans l\u2019\u00e9laboration de votre projet.<br \/>\nNous organisons un rendez-vous sur place afin de prendre connaissance du projet.<br \/>\nNous \u00e9tablirons un <strong>cahier des charges<\/strong> pour d\u00e9terminer vos envies et vos go\u00fbts en fonction de votre budget.<\/div><\/div> <!-- header --><\/div><\/div><div class=\"timeline-block \"><div class=\"timeline-dot\"><\/div><div class=\"ult-timeline-arrow\"><s><\/s><l><\/l><\/div><div class=\"timeline-icon-block\"><div class=\"ult-timeline-icon \" style=\"   \"><div class=\"ult-just-icon-wrapper  \"><div class=\"align-icon\" style=\"text-align:center;\">\n<div class=\"aio-icon circle \" data-animation=\"bounceIn\" data-animation-delay=\"03\" style=\"color:#ffffff;background:#253a29;font-size:20px;display:inline-block;\">\n\t<i class=\"Defaults-calculator\"><\/i>\n<\/div><\/div><\/div><\/div> <!-- icon --><\/div><div class=\"timeline-header-block\" >\r\n\t\t\t\t\t\t\t<div id=\"timeline-item-3365\" class=\"timeline-header\" style=\"\"><h3 class=\"ult-timeline-title ult-responsive\"  data-ultimate-target='#timeline-item-3365 .ult-timeline-title'  data-responsive-json-new='{\"font-size\":\"\",\"line-height\":\"\"}'  style=\"\">Devis<\/h3><div class=\"ult-responsive timeline-item-spt\"  data-ultimate-target='#timeline-item-3365 .timeline-item-spt'  data-responsive-json-new='{\"font-size\":\"\",\"line-height\":\"\"}'  style=\"\">Une <strong>prise de c\u00f4tes<\/strong> sera \u00e9tablie afin d\u2019entamer la r\u00e9alisation d\u2019un avant projet.<br \/>\nSuite \u00e0 ce rendez-vous, j\u2019\u00e9tablirai un <strong>devis d\u00e9taill\u00e9<\/strong> en fonction de votre projet, de votre surface et des prestations demand\u00e9es.<\/div><\/div> <!-- header --><\/div><\/div><div class=\"timeline-block \"><div class=\"timeline-dot\"><\/div><div class=\"ult-timeline-arrow\"><s><\/s><l><\/l><\/div><div class=\"timeline-icon-block\"><div class=\"ult-timeline-icon \" style=\"   \"><div class=\"ult-just-icon-wrapper  \"><div class=\"align-icon\" style=\"text-align:center;\">\n<div class=\"aio-icon circle \" data-animation=\"bounceIn\" data-animation-delay=\"03\" style=\"color:#ffffff;background:#253a29;font-size:20px;display:inline-block;\">\n\t<i class=\"Defaults-edit pencil-square-o\"><\/i>\n<\/div><\/div><\/div><\/div> <!-- icon --><\/div><div class=\"timeline-header-block\" >\r\n\t\t\t\t\t\t\t<div id=\"timeline-item-4397\" class=\"timeline-header\" style=\"\"><h3 class=\"ult-timeline-title ult-responsive\"  data-ultimate-target='#timeline-item-4397 .ult-timeline-title'  data-responsive-json-new='{\"font-size\":\"\",\"line-height\":\"\"}'  style=\"\">Contrat<\/h3><div class=\"ult-responsive timeline-item-spt\"  data-ultimate-target='#timeline-item-4397 .timeline-item-spt'  data-responsive-json-new='{\"font-size\":\"\",\"line-height\":\"\"}'  style=\"\">Ma mission commence d\u00e8s la<strong> signature de notre contrat<\/strong> qui permet d\u2019assurer le bon d\u00e9roulement du projet et de cadrer nos obligations respectives.<\/div><\/div> <!-- header --><\/div><\/div><\/div><div class=\"timeline-feature-item feat-item  \"><div class=\"feat-dot \"><div class=\"timeline-dot\"><\/div><\/div><div class=\"ult-timeline-arrow \"><s><\/s><l><\/l><\/div><div class=\"timeline-icon-block\"><div class=\"ult-timeline-icon \" style=\"   \"><div class=\"ult-just-icon-wrapper  \"><div class=\"align-icon\" style=\"text-align:center;\">\n<div class=\"aio-icon circle \" data-animation=\"bounceIn\" data-animation-delay=\"03\" style=\"color:#ffffff;background:#253a29;font-size:20px;display:inline-block;\">\n\t<i class=\"Defaults-cogs gears\"><\/i>\n<\/div><\/div><\/div><\/div> <!-- icon --><\/div><div class=\"timeline-header-block\" >\r\n\t\t\t\t\t\t\t<div class=\"timeline-header\" id=\"timeline-featured-5855\"  style=\"\"><h5\r\n\t\t\t class=\"ult-timeline-title ult-responsive\"   data-ultimate-target='#timeline-featured-5855 .ult-timeline-title'  data-responsive-json-new='{\"font-size\":\"\",\"line-height\":\"\"}'  style=\"\">\u00c9TUDE<\/h5><div class=\"ult-responsive custom-lht\"  data-ultimate-target='#timeline-featured-5855 .custom-lht'  data-responsive-json-new='{\"font-size\":\"\",\"line-height\":\"\"}'  style=\"\"><\/div><\/div> <!-- header --><\/div><\/div><div class=\"timeline-wrapper \"><div class=\"timeline-block \"><div class=\"timeline-dot\"><\/div><div class=\"ult-timeline-arrow\"><s><\/s><l><\/l><\/div><div class=\"timeline-icon-block\"><div class=\"ult-timeline-icon \" style=\"   \"><div class=\"ult-just-icon-wrapper  \"><div class=\"align-icon\" style=\"text-align:center;\">\n<div class=\"aio-icon circle \" data-animation=\"bounceIn\" data-animation-delay=\"03\" style=\"color:#ffffff;background:#253a29;font-size:20px;display:inline-block;\">\n\t<i class=\"Defaults-sort-numeric-asc\"><\/i>\n<\/div><\/div><\/div><\/div> <!-- icon --><\/div><div class=\"timeline-header-block\" >\r\n\t\t\t\t\t\t\t<div id=\"timeline-item-1626\" class=\"timeline-header\" style=\"\"><h3 class=\"ult-timeline-title ult-responsive\"  data-ultimate-target='#timeline-item-1626 .ult-timeline-title'  data-responsive-json-new='{\"font-size\":\"\",\"line-height\":\"\"}'  style=\"\">Relev\u00e9 de mesures<\/h3><div class=\"ult-responsive timeline-item-spt\"  data-ultimate-target='#timeline-item-1626 .timeline-item-spt'  data-responsive-json-new='{\"font-size\":\"\",\"line-height\":\"\"}'  style=\"\">Lors de notre seconde rencontre, je r\u00e9alise le <strong>relev\u00e9 et m\u00e9tr\u00e9 complet<\/strong> de votre int\u00e9rieur et <strong>nous validons ensemble le cahier des charges<\/strong>.<\/div><\/div> <!-- header --><\/div><\/div><div class=\"timeline-block \"><div class=\"timeline-dot\"><\/div><div class=\"ult-timeline-arrow\"><s><\/s><l><\/l><\/div><div class=\"timeline-icon-block\"><div class=\"ult-timeline-icon \" style=\"   \"><div class=\"ult-just-icon-wrapper  \"><div class=\"align-icon\" style=\"text-align:center;\">\n<div class=\"aio-icon circle \" data-animation=\"bounceIn\" data-animation-delay=\"03\" style=\"color:#ffffff;background:#253a29;font-size:20px;display:inline-block;\">\n\t<i class=\"Defaults-cube\"><\/i>\n<\/div><\/div><\/div><\/div> <!-- icon --><\/div><div class=\"timeline-header-block\" >\r\n\t\t\t\t\t\t\t<div id=\"timeline-item-7151\" class=\"timeline-header\" style=\"\"><h3 class=\"ult-timeline-title ult-responsive\"  data-ultimate-target='#timeline-item-7151 .ult-timeline-title'  data-responsive-json-new='{\"font-size\":\"\",\"line-height\":\"\"}'  style=\"\">Esquisses<\/h3><div class=\"ult-responsive timeline-item-spt\"  data-ultimate-target='#timeline-item-7151 .timeline-item-spt'  data-responsive-json-new='{\"font-size\":\"\",\"line-height\":\"\"}'  style=\"\">Cette rencontre \u00e0 pour but de vous <strong>pr\u00e9senter votre projet<\/strong>.<br \/>\nUne analyses compl\u00e8te du nuancier et des mati\u00e8res.<br \/>\nDes propositions d\u2019am\u00e9nagement afin de valider les volumes,<br \/>\nla circulation et les fonctionnalit\u00e9s du lieu.<br \/>\n(plans + 3D)<\/div><\/div> <!-- header --><\/div><\/div><div class=\"timeline-block \"><div class=\"timeline-dot\"><\/div><div class=\"ult-timeline-arrow\"><s><\/s><l><\/l><\/div><div class=\"timeline-icon-block\"><div class=\"ult-timeline-icon \" style=\"   \"><div class=\"ult-just-icon-wrapper  \"><div class=\"align-icon\" style=\"text-align:center;\">\n<div class=\"aio-icon circle \" data-animation=\"bounceIn\" data-animation-delay=\"03\" style=\"color:#ffffff;background:#253a29;font-size:20px;display:inline-block;\">\n\t<i class=\"Defaults-folder-open\"><\/i>\n<\/div><\/div><\/div><\/div> <!-- icon --><\/div><div class=\"timeline-header-block\" >\r\n\t\t\t\t\t\t\t<div id=\"timeline-item-8657\" class=\"timeline-header\" style=\"\"><h3 class=\"ult-timeline-title ult-responsive\"  data-ultimate-target='#timeline-item-8657 .ult-timeline-title'  data-responsive-json-new='{\"font-size\":\"\",\"line-height\":\"\"}'  style=\"\">Avant projet<\/h3><div class=\"ult-responsive timeline-item-spt\"  data-ultimate-target='#timeline-item-8657 .timeline-item-spt'  data-responsive-json-new='{\"font-size\":\"\",\"line-height\":\"\"}'  style=\"\">Lors de cette phase, je vous remets un <strong>dossier complet<\/strong> comprenant :<\/p>\n<ul>\n<li>Un cahier d\u2019inspiration qui valide l\u2019esth\u00e9tique du projet<\/li>\n<li>Un plan d\u2019am\u00e9nagement en 3D<\/li>\n<li>Un jeu de plans<\/li>\n<li>Des images 3D avec mat\u00e9riaux, lumi\u00e8res et couleurs<\/li>\n<li>V\u00e9rification de la faisabilit\u00e9 du projet (programme et r\u00e9glementation)<\/li>\n<li>Descriptif par corps d\u2019\u00e9tat<\/li>\n<li>R\u00e9alisation des dossiers \u00e9ventuels de demandes administratives<\/li>\n<li>Chiffrage et co\u00fbt pr\u00e9visionnel des travaux (10 &#8211; 15 %).<\/li>\n<\/ul>\n<p><\/div><\/div> <!-- header --><\/div><\/div><\/div><div class=\"timeline-feature-item feat-item  \"><div class=\"feat-dot \"><div class=\"timeline-dot\"><\/div><\/div><div class=\"ult-timeline-arrow \"><s><\/s><l><\/l><\/div><div class=\"timeline-icon-block\"><div class=\"ult-timeline-icon \" style=\"   \"><div class=\"ult-just-icon-wrapper  \"><div class=\"align-icon\" style=\"text-align:center;\">\n<div class=\"aio-icon circle \" data-animation=\"bounceIn\" data-animation-delay=\"03\" style=\"color:#ffffff;background:#253a29;font-size:20px;display:inline-block;\">\n\t<i class=\"Defaults-refresh\"><\/i>\n<\/div><\/div><\/div><\/div> <!-- icon --><\/div><div class=\"timeline-header-block\" >\r\n\t\t\t\t\t\t\t<div class=\"timeline-header\" id=\"timeline-featured-7605\"  style=\"\"><h5\r\n\t\t\t class=\"ult-timeline-title ult-responsive\"   data-ultimate-target='#timeline-featured-7605 .ult-timeline-title'  data-responsive-json-new='{\"font-size\":\"\",\"line-height\":\"\"}'  style=\"\">R\u00c9ALISATION DES TRAVAUX<\/h5><div class=\"ult-responsive custom-lht\"  data-ultimate-target='#timeline-featured-7605 .custom-lht'  data-responsive-json-new='{\"font-size\":\"\",\"line-height\":\"\"}'  style=\"\"><\/div><\/div> <!-- header --><\/div><\/div><div class=\"timeline-wrapper \"><div class=\"timeline-block \"><div class=\"timeline-dot\"><\/div><div class=\"ult-timeline-arrow\"><s><\/s><l><\/l><\/div><div class=\"timeline-icon-block\"><div class=\"ult-timeline-icon \" style=\"   \"><div class=\"ult-just-icon-wrapper  \"><div class=\"align-icon\" style=\"text-align:center;\">\n<div class=\"aio-icon circle \" data-animation=\"bounceIn\" data-animation-delay=\"03\" style=\"color:#ffffff;background:#253a29;font-size:20px;display:inline-block;\">\n\t<i class=\"Defaults-user-plus\"><\/i>\n<\/div><\/div><\/div><\/div> <!-- icon --><\/div><div class=\"timeline-header-block\" >\r\n\t\t\t\t\t\t\t<div id=\"timeline-item-6624\" class=\"timeline-header\" style=\"\"><h3 class=\"ult-timeline-title ult-responsive\"  data-ultimate-target='#timeline-item-6624 .ult-timeline-title'  data-responsive-json-new='{\"font-size\":\"\",\"line-height\":\"\"}'  style=\"\">Consultation des entreprises<\/h3><div class=\"ult-responsive timeline-item-spt\"  data-ultimate-target='#timeline-item-6624 .timeline-item-spt'  data-responsive-json-new='{\"font-size\":\"\",\"line-height\":\"\"}'  style=\"\">Ce dossier regroupe <strong>l\u2019ensemble des documents graphiques permettant aux entreprises d\u2019\u00e9tablir leur offre<\/strong>. Je vous guiderai dans le choix des artisans qui r\u00e9aliseront votre projet.<\/div><\/div> <!-- header --><\/div><\/div><div class=\"timeline-block \"><div class=\"timeline-dot\"><\/div><div class=\"ult-timeline-arrow\"><s><\/s><l><\/l><\/div><div class=\"timeline-icon-block\"><div class=\"ult-timeline-icon \" style=\"   \"><div class=\"ult-just-icon-wrapper  \"><div class=\"align-icon\" style=\"text-align:center;\">\n<div class=\"aio-icon circle \" data-animation=\"bounceIn\" data-animation-delay=\"03\" style=\"color:#ffffff;background:#253a29;font-size:20px;display:inline-block;\">\n\t<i class=\"Defaults-thumbs-o-up\"><\/i>\n<\/div><\/div><\/div><\/div> <!-- icon --><\/div><div class=\"timeline-header-block\" >\r\n\t\t\t\t\t\t\t<div id=\"timeline-item-9718\" class=\"timeline-header\" style=\"\"><h3 class=\"ult-timeline-title ult-responsive\"  data-ultimate-target='#timeline-item-9718 .ult-timeline-title'  data-responsive-json-new='{\"font-size\":\"\",\"line-height\":\"\"}'  style=\"\">Suivis de chantier (\u00c9tape dissociable du projet)<\/h3><div class=\"ult-responsive timeline-item-spt\"  data-ultimate-target='#timeline-item-9718 .timeline-item-spt'  data-responsive-json-new='{\"font-size\":\"\",\"line-height\":\"\"}'  style=\"\">Pour assurer un bon d\u00e9roulement de chantier, j\u2019assure la coordination des diff\u00e9rents corps de m\u00e9tier, le contr\u00f4le, et l\u2019avancement des travaux jusqu\u2019\u00e0 la r\u00e9ception de chantier.<br \/>\nUn planning et un compte rendu seront effectu\u00e9s r\u00e9guli\u00e8rement. Cette prestation facultative est chiffr\u00e9e selon un pourcentage sur le montant total des travaux.<\/div><\/div> <!-- header --><\/div><\/div><\/div><\/div>[\/vc_column][\/vc_row][vc_row full_width=\u00a0\u00bbstretch_row\u00a0\u00bb bg_type=\u00a0\u00bbbg_color\u00a0\u00bb bg_color_value=\u00a0\u00bb#253a29&Prime;][vc_column]<div class=\" ubtn-ctn-center \"><a class=\"ubtn-link ult-adjust-bottom-margin ubtn-center ubtn-mini \" href=\"http:\/\/cid.archi\/index.php\/contact\/\" title=\"CONTACT\" target=\"_blank\" rel=\"noopener\" ><button type=\"button\" id=\"ubtn-3818\"  class=\"ubtn ult-adjust-bottom-margin ult-responsive ubtn-mini ubtn-no-hover-bg  none  ubtn-center   tooltip-69e01341170a7\"  data-hover=\"\" data-border-color=\"\" data-bg=\"#a88a26\" data-hover-bg=\"\" data-border-hover=\"\" data-shadow-hover=\"\" data-shadow-click=\"none\" data-shadow=\"\" data-shd-shadow=\"\"  data-ultimate-target='#ubtn-3818'  data-responsive-json-new='{\"font-size\":\"\",\"line-height\":\"\"}'  style=\"font-weight:normal;border:none;background: #a88a26;color: #ffffff;\"><span class=\"ubtn-hover\" style=\"background-color:\"><\/span><span class=\"ubtn-data ubtn-text \" >CONTACTEZ MOI POUR UN DEVIS<\/span><\/button><\/a><\/div><div class=\" ubtn-ctn-center \"><a class=\"ubtn-link ult-adjust-bottom-margin ubtn-center ubtn-mini \" href=\"https:\/\/cid.archi\/index.php\/legal\/\" title=\"CGV\" target=\"_blank\" rel=\"noopener\" ><button type=\"button\" id=\"ubtn-9945\"  class=\"ubtn ult-adjust-bottom-margin ult-responsive ubtn-mini ubtn-no-hover-bg  none  ubtn-center   tooltip-69e01341170f1\"  data-hover=\"\" data-border-color=\"\" data-bg=\"#a88a26\" data-hover-bg=\"\" data-border-hover=\"\" data-shadow-hover=\"\" data-shadow-click=\"none\" data-shadow=\"\" data-shd-shadow=\"\"  data-ultimate-target='#ubtn-9945'  data-responsive-json-new='{\"font-size\":\"\",\"line-height\":\"\"}'  style=\"font-weight:normal;border:none;background: #a88a26;color: #ffffff;\"><span class=\"ubtn-hover\" style=\"background-color:\"><\/span><span class=\"ubtn-data ubtn-text \" >CONDITIONS GENERALES DE VENTE<\/span><\/button><\/a><\/div>[\/vc_column][\/vc_row]<\/p>\n","protected":false},"excerpt":{"rendered":"<p>[vc_row bg_type=\u00a0\u00bbbg_color\u00a0\u00bb bg_override=\u00a0\u00bbex-full\u00a0\u00bb bg_color_value=\u00a0\u00bb#253a29&Prime;][vc_column][vc_separator color=\u00a0\u00bbwhite\u00a0\u00bb el_width=\u00a0\u00bb30&Prime;][vc_empty_space height=\u00a0\u00bb50&Prime;][\/vc_column][\/vc_row][vc_row bg_type=\u00a0\u00bbimage\u00a0\u00bb parallax_style=\u00a0\u00bbvcpb-vz-jquery\u00a0\u00bb bg_image_new=\u00a0\u00bbid^138|url^http:\/\/cid.archi\/wp-content\/uploads\/2020\/08\/MACARON-big-noir-3.png|caption^null|alt^null|title^MACARON big noir 3|description^null\u00a0\u00bb bg_image_repeat=\u00a0\u00bbno-repeat\u00a0\u00bb parallax_sense=\u00a0\u00bb55&Prime; bg_override=\u00a0\u00bbex-full\u00a0\u00bb][vc_column][\/vc_column][\/vc_row][vc_row full_width=\u00a0\u00bbstretch_row\u00a0\u00bb bg_type=\u00a0\u00bbbg_color\u00a0\u00bb bg_color_value=\u00a0\u00bb#253a29&Prime;][vc_column][\/vc_column][\/vc_row]<\/p>\n","protected":false},"author":2,"featured_media":0,"parent":571,"menu_order":0,"comment_status":"closed","ping_status":"closed","template":"","meta":[],"_links":{"self":[{"href":"https:\/\/cid.archi\/index.php\/wp-json\/wp\/v2\/pages\/1629"}],"collection":[{"href":"https:\/\/cid.archi\/index.php\/wp-json\/wp\/v2\/pages"}],"about":[{"href":"https:\/\/cid.archi\/index.php\/wp-json\/wp\/v2\/types\/page"}],"author":[{"embeddable":true,"href":"https:\/\/cid.archi\/index.php\/wp-json\/wp\/v2\/users\/2"}],"replies":[{"embeddable":true,"href":"https:\/\/cid.archi\/index.php\/wp-json\/wp\/v2\/comments?post=1629"}],"version-history":[{"count":13,"href":"https:\/\/cid.archi\/index.php\/wp-json\/wp\/v2\/pages\/1629\/revisions"}],"predecessor-version":[{"id":2208,"href":"https:\/\/cid.archi\/index.php\/wp-json\/wp\/v2\/pages\/1629\/revisions\/2208"}],"up":[{"embeddable":true,"href":"https:\/\/cid.archi\/index.php\/wp-json\/wp\/v2\/pages\/571"}],"wp:attachment":[{"href":"https:\/\/cid.archi\/index.php\/wp-json\/wp\/v2\/media?parent=1629"}],"curies":[{"name":"wp","href":"https:\/\/api.w.org\/{rel}","templated":true}]}}